{"id":138,"date":"2024-07-02T19:43:37","date_gmt":"2024-07-02T17:43:37","guid":{"rendered":"https:\/\/www.tzg-krapina.hr\/?page_id=138"},"modified":"2024-07-14T06:49:47","modified_gmt":"2024-07-14T04:49:47","slug":"o-krapini","status":"publish","type":"page","link":"https:\/\/www.tzg-krapina.hr\/wp\/o-krapini\/","title":{"rendered":"O Krapini"},"content":{"rendered":"\t\t<div data-elementor-type=\"wp-page\" data-elementor-id=\"138\" class=\"elementor elementor-138\" data-elementor-post-type=\"page\">\n\t\t\t\t<div class=\"elementor-element elementor-element-8cae5e1 e-grid e-con-full e-con e-parent\" data-id=\"8cae5e1\" data-element_type=\"container\" data-e-type=\"container\">\n\t\t<div class=\"elementor-element elementor-element-6f2a43c e-con-full e-flex e-con e-child\" data-id=\"6f2a43c\" data-element_type=\"container\" data-e-type=\"container\">\n\t\t\t\t<div class=\"elementor-element elementor-element-3a756ec elementor-align-left elementor-widget elementor-widget-button\" data-id=\"3a756ec\" data-element_type=\"widget\" data-e-type=\"widget\" data-widget_type=\"button.default\">\n\t\t\t\t<div class=\"elementor-widget-container\">\n\t\t\t\t\t\t\t\t\t<div class=\"elementor-button-wrapper\">\n\t\t\t\t\t<a class=\"elementor-button elementor-button-link elementor-size-sm elementor-animation-grow\" href=\"https:\/\/www.tzg-krapina.hr\/krapina-srediste-krapinsko-zagorske-zupanije\/\">\n\t\t\t\t\t\t<span class=\"elementor-button-content-wrapper\">\n\t\t\t\t\t\t\t\t\t<span class=\"elementor-button-text\">Krapina - sredi\u0161te Krapinsko-zagorske \u017eupanije<\/span>\n\t\t\t\t\t<\/span>\n\t\t\t\t\t<\/a>\n\t\t\t\t<\/div>\n\t\t\t\t\t\t\t\t<\/div>\n\t\t\t\t<\/div>\n\t\t\t\t<\/div>\n\t\t<div class=\"elementor-element elementor-element-d6d4fa6 e-con-full e-flex e-con e-child\" data-id=\"d6d4fa6\" data-element_type=\"container\" data-e-type=\"container\">\n\t\t\t\t<div class=\"elementor-element elementor-element-67cd974 elementor-align-center elementor-widget elementor-widget-button\" data-id=\"67cd974\" data-element_type=\"widget\" data-e-type=\"widget\" data-widget_type=\"button.default\">\n\t\t\t\t<div class=\"elementor-widget-container\">\n\t\t\t\t\t\t\t\t\t<div class=\"elementor-button-wrapper\">\n\t\t\t\t\t<a class=\"elementor-button elementor-button-link elementor-size-sm elementor-animation-grow\" href=\"https:\/\/www.tzg-krapina.hr\/turizam-u-krapini\/\">\n\t\t\t\t\t\t<span class=\"elementor-button-content-wrapper\">\n\t\t\t\t\t\t\t\t\t<span class=\"elementor-button-text\">Turizam u Krapini<\/span>\n\t\t\t\t\t<\/span>\n\t\t\t\t\t<\/a>\n\t\t\t\t<\/div>\n\t\t\t\t\t\t\t\t<\/div>\n\t\t\t\t<\/div>\n\t\t\t\t<\/div>\n\t\t<div class=\"elementor-element elementor-element-dedea0c e-con-full e-flex e-con e-child\" data-id=\"dedea0c\" data-element_type=\"container\" data-e-type=\"container\">\n\t\t\t\t<div class=\"elementor-element elementor-element-a91417a elementor-align-center elementor-widget elementor-widget-button\" data-id=\"a91417a\" data-element_type=\"widget\" data-e-type=\"widget\" data-widget_type=\"button.default\">\n\t\t\t\t<div class=\"elementor-widget-container\">\n\t\t\t\t\t\t\t\t\t<div class=\"elementor-button-wrapper\">\n\t\t\t\t\t<a class=\"elementor-button elementor-button-link elementor-size-sm elementor-animation-grow\" href=\"https:\/\/www.tzg-krapina.hr\/vinski-sajam\/\">\n\t\t\t\t\t\t<span class=\"elementor-button-content-wrapper\">\n\t\t\t\t\t\t\t\t\t<span class=\"elementor-button-text\">Vinski sajam u Krapini<\/span>\n\t\t\t\t\t<\/span>\n\t\t\t\t\t<\/a>\n\t\t\t\t<\/div>\n\t\t\t\t\t\t\t\t<\/div>\n\t\t\t\t<\/div>\n\t\t\t\t<\/div>\n\t\t<div class=\"elementor-element elementor-element-67eebcd e-con-full e-flex e-con e-child\" data-id=\"67eebcd\" data-element_type=\"container\" data-e-type=\"container\">\n\t\t\t\t<div class=\"elementor-element elementor-element-13572c8 elementor-align-center elementor-widget elementor-widget-button\" data-id=\"13572c8\" data-element_type=\"widget\" data-e-type=\"widget\" data-widget_type=\"button.default\">\n\t\t\t\t<div class=\"elementor-widget-container\">\n\t\t\t\t\t\t\t\t\t<div class=\"elementor-button-wrapper\">\n\t\t\t\t\t<a class=\"elementor-button elementor-button-link elementor-size-sm elementor-animation-grow\" href=\"https:\/\/www.tzg-krapina.hr\/povijest\/\">\n\t\t\t\t\t\t<span class=\"elementor-button-content-wrapper\">\n\t\t\t\t\t\t\t\t\t<span class=\"elementor-button-text\">Povijest<\/span>\n\t\t\t\t\t<\/span>\n\t\t\t\t\t<\/a>\n\t\t\t\t<\/div>\n\t\t\t\t\t\t\t\t<\/div>\n\t\t\t\t<\/div>\n\t\t\t\t<\/div>\n\t\t\t\t<div class=\"elementor-element elementor-element-90f1141 elementor-align-left elementor-widget elementor-widget-button\" data-id=\"90f1141\" data-element_type=\"widget\" data-e-type=\"widget\" data-widget_type=\"button.default\">\n\t\t\t\t<div class=\"elementor-widget-container\">\n\t\t\t\t\t\t\t\t\t<div class=\"elementor-button-wrapper\">\n\t\t\t\t\t<a class=\"elementor-button elementor-button-link elementor-size-sm elementor-animation-grow\" href=\"https:\/\/www.tzg-krapina.hr\/kulturno-povijesne-znamenitosti\/\">\n\t\t\t\t\t\t<span class=\"elementor-button-content-wrapper\">\n\t\t\t\t\t\t\t\t\t<span class=\"elementor-button-text\">Kulturno-povijesne znamenitosti<\/span>\n\t\t\t\t\t<\/span>\n\t\t\t\t\t<\/a>\n\t\t\t\t<\/div>\n\t\t\t\t\t\t\t\t<\/div>\n\t\t\t\t<\/div>\n\t\t\t\t<div class=\"elementor-element elementor-element-c8332c3 elementor-align-center elementor-widget elementor-widget-button\" data-id=\"c8332c3\" data-element_type=\"widget\" data-e-type=\"widget\" data-widget_type=\"button.default\">\n\t\t\t\t<div class=\"elementor-widget-container\">\n\t\t\t\t\t\t\t\t\t<div class=\"elementor-button-wrapper\">\n\t\t\t\t\t<a class=\"elementor-button elementor-button-link elementor-size-sm elementor-animation-grow\" href=\"https:\/\/www.tzg-krapina.hr\/o-krapini\/krapinske-vedute\/\">\n\t\t\t\t\t\t<span class=\"elementor-button-content-wrapper\">\n\t\t\t\t\t\t\t\t\t<span class=\"elementor-button-text\">Krapinske vedute<\/span>\n\t\t\t\t\t<\/span>\n\t\t\t\t\t<\/a>\n\t\t\t\t<\/div>\n\t\t\t\t\t\t\t\t<\/div>\n\t\t\t\t<\/div>\n\t\t\t\t<div class=\"elementor-element elementor-element-750af70 elementor-align-center elementor-widget elementor-widget-button\" data-id=\"750af70\" data-element_type=\"widget\" data-e-type=\"widget\" data-widget_type=\"button.default\">\n\t\t\t\t<div class=\"elementor-widget-container\">\n\t\t\t\t\t\t\t\t\t<div class=\"elementor-button-wrapper\">\n\t\t\t\t\t<a class=\"elementor-button elementor-button-link elementor-size-sm elementor-animation-grow\" href=\"https:\/\/www.tzg-krapina.hr\/o-krapini\/obicaji\/\">\n\t\t\t\t\t\t<span class=\"elementor-button-content-wrapper\">\n\t\t\t\t\t\t\t\t\t<span class=\"elementor-button-text\">Obi\u010daji<\/span>\n\t\t\t\t\t<\/span>\n\t\t\t\t\t<\/a>\n\t\t\t\t<\/div>\n\t\t\t\t\t\t\t\t<\/div>\n\t\t\t\t<\/div>\n\t\t\t\t<div class=\"elementor-element elementor-element-5f24c51 elementor-align-center elementor-widget elementor-widget-button\" data-id=\"5f24c51\" data-element_type=\"widget\" data-e-type=\"widget\" data-widget_type=\"button.default\">\n\t\t\t\t<div class=\"elementor-widget-container\">\n\t\t\t\t\t\t\t\t\t<div class=\"elementor-button-wrapper\">\n\t\t\t\t\t<a class=\"elementor-button elementor-button-link elementor-size-sm elementor-animation-grow\" href=\"https:\/\/www.tzg-krapina.hr\/o-krapini\/legende\/\">\n\t\t\t\t\t\t<span class=\"elementor-button-content-wrapper\">\n\t\t\t\t\t\t\t\t\t<span class=\"elementor-button-text\">Legende<\/span>\n\t\t\t\t\t<\/span>\n\t\t\t\t\t<\/a>\n\t\t\t\t<\/div>\n\t\t\t\t\t\t\t\t<\/div>\n\t\t\t\t<\/div>\n\t\t\t\t<div class=\"elementor-element elementor-element-559fd88 elementor-align-center elementor-widget elementor-widget-button\" data-id=\"559fd88\" data-element_type=\"widget\" data-e-type=\"widget\" data-widget_type=\"button.default\">\n\t\t\t\t<div class=\"elementor-widget-container\">\n\t\t\t\t\t\t\t\t\t<div class=\"elementor-button-wrapper\">\n\t\t\t\t\t<a class=\"elementor-button elementor-button-link elementor-size-sm elementor-animation-grow\" href=\"https:\/\/www.tzg-krapina.hr\/o-krapini\/suveniri\/\">\n\t\t\t\t\t\t<span class=\"elementor-button-content-wrapper\">\n\t\t\t\t\t\t\t\t\t<span class=\"elementor-button-text\">Suveniri<\/span>\n\t\t\t\t\t<\/span>\n\t\t\t\t\t<\/a>\n\t\t\t\t<\/div>\n\t\t\t\t\t\t\t\t<\/div>\n\t\t\t\t<\/div>\n\t\t\t\t<\/div>\n\t\t<div class=\"elementor-element elementor-element-f6b8273 e-flex e-con-boxed e-con e-parent\" data-id=\"f6b8273\" data-element_type=\"container\" data-e-type=\"container\">\n\t\t\t\t\t<div class=\"e-con-inner\">\n\t\t\t\t<div class=\"elementor-element elementor-element-d84557a elementor-widget elementor-widget-spacer\" data-id=\"d84557a\" data-element_type=\"widget\" data-e-type=\"widget\" data-widget_type=\"spacer.default\">\n\t\t\t\t<div class=\"elementor-widget-container\">\n\t\t\t\t\t\t\t<div class=\"elementor-spacer\">\n\t\t\t<div class=\"elementor-spacer-inner\"><\/div>\n\t\t<\/div>\n\t\t\t\t\t\t<\/div>\n\t\t\t\t<\/div>\n\t\t\t\t\t<\/div>\n\t\t\t\t<\/div>\n\t\t\t\t<section class=\"elementor-section elementor-top-section elementor-element elementor-element-55f7d04 elementor-section-height-min-height elementor-section-items-stretch elementor-section-stretched elementor-section-boxed elementor-section-height-default\" data-id=\"55f7d04\" data-element_type=\"section\" data-e-type=\"section\" data-settings=\"{&quot;background_background&quot;:&quot;classic&quot;,&quot;background_motion_fx_motion_fx_scrolling&quot;:&quot;yes&quot;,&quot;background_motion_fx_scale_effect&quot;:&quot;yes&quot;,&quot;background_motion_fx_scale_speed&quot;:{&quot;unit&quot;:&quot;px&quot;,&quot;size&quot;:2,&quot;sizes&quot;:[]},&quot;background_motion_fx_scale_range&quot;:{&quot;unit&quot;:&quot;%&quot;,&quot;size&quot;:&quot;&quot;,&quot;sizes&quot;:{&quot;start&quot;:50,&quot;end&quot;:100}},&quot;stretch_section&quot;:&quot;section-stretched&quot;,&quot;background_motion_fx_scale_direction&quot;:&quot;out-in&quot;,&quot;background_motion_fx_devices&quot;:[&quot;desktop&quot;,&quot;tablet&quot;,&quot;mobile&quot;]}\">\n\t\t\t\t\t\t<div class=\"elementor-container elementor-column-gap-no\">\n\t\t\t\t\t<div class=\"elementor-column elementor-col-100 elementor-top-column elementor-element elementor-element-982e91a\" data-id=\"982e91a\" data-element_type=\"column\" data-e-type=\"column\">\n\t\t\t<div class=\"elementor-widget-wrap elementor-element-populated\">\n\t\t\t\t\t\t<div class=\"elementor-element elementor-element-5aa8866 elementor-widget elementor-widget-html\" data-id=\"5aa8866\" data-element_type=\"widget\" data-e-type=\"widget\" data-widget_type=\"html.default\">\n\t\t\t\t<div class=\"elementor-widget-container\">\n\t\t\t\t\t<iframe loading=\"lazy\" width=\"560\" height=\"600\" src=\"https:\/\/www.youtube.com\/embed\/B4ZdgQx76UE?si=Wk4RVV_kw9txTxfQ&amp;start=120\" title=\"YouTube video player\" frameborder=\"0\" allow=\"accelerometer; autoplay; clipboard-write; encrypted-media; gyroscope; picture-in-picture; web-share\" referrerpolicy=\"strict-origin-when-cross-origin\" allowfullscreen><\/iframe>\t\t\t\t<\/div>\n\t\t\t\t<\/div>\n\t\t\t\t\t<\/div>\n\t\t<\/div>\n\t\t\t\t\t<\/div>\n\t\t<\/section>\n\t\t<div class=\"elementor-element elementor-element-c21d4b2 e-flex e-con-boxed e-con e-parent\" data-id=\"c21d4b2\" data-element_type=\"container\" data-e-type=\"container\">\n\t\t\t\t\t<div class=\"e-con-inner\">\n\t\t\t\t<div class=\"elementor-element elementor-element-bf72aeb elementor-widget elementor-widget-spacer\" data-id=\"bf72aeb\" data-element_type=\"widget\" data-e-type=\"widget\" data-widget_type=\"spacer.default\">\n\t\t\t\t<div class=\"elementor-widget-container\">\n\t\t\t\t\t\t\t<div class=\"elementor-spacer\">\n\t\t\t<div class=\"elementor-spacer-inner\"><\/div>\n\t\t<\/div>\n\t\t\t\t\t\t<\/div>\n\t\t\t\t<\/div>\n\t\t\t\t\t<\/div>\n\t\t\t\t<\/div>\n\t\t\t\t<\/div>\n\t\t","protected":false},"excerpt":{"rendered":"<p>Krapina &#8211; sredi\u0161te Krapinsko-zagorske \u017eupanije Turizam u Krapini Vinski sajam u Krapini Povijest Kulturno-povijesne znamenitosti Krapinske vedute Obi\u010daji Legende Suveniri<\/p>\n","protected":false},"author":1,"featured_media":0,"parent":0,"menu_order":0,"comment_status":"closed","ping_status":"closed","template":"","meta":{"advanced_seo_description":"","jetpack_seo_html_title":"","jetpack_seo_noindex":false,"footnotes":""},"class_list":["post-138","page","type-page","status-publish","hentry"],"jetpack-related-posts":[{"id":135,"url":"https:\/\/www.tzg-krapina.hr\/wp\/o-krapini\/turizam-u-krapini\/","url_meta":{"origin":138,"position":0},"title":"Turizam u Krapini","author":"TZG Krapina","date":"2. srpnja 2024.","format":false,"excerpt":"Posjete turista\u00a0Krapini\u00a0datiraju od pro\u0161log stolje\u0107a, po zavr\u0161etku izgradnje \u017eeljezni\u010dke pruge kada su subotom i nedjeljom Zagrep\u010dani odlazili na izlete u Zagorje. Ujedno Krapina je bila i posljednja stanica na putu za Sloveniju te su iz Roga\u0161ke Slatine i iz Krapinskih Toplica izletnici dolazili fijakerima i kolima na \"cug\" za Zagreb.Od\u2026","rel":"","context":"Srodne objave","block_context":{"text":"Srodne objave","link":""},"img":{"alt_text":"","src":"","width":0,"height":0},"classes":[]},{"id":182,"url":"https:\/\/www.tzg-krapina.hr\/wp\/o-krapini\/vinski-sajam\/","url_meta":{"origin":138,"position":1},"title":"Vinski sajam u Krapini","author":"TZG Krapina","date":"3. srpnja 2024.","format":false,"excerpt":"Nakon te\u0161ke nesre\u0107e koja je zadesila Francusku, a ubrzo zatim i ostale vinogradarske zemlje u Europi, pa naravno i na\u0161u zemlju - vinogradi su, opusto\u0161eni filokserom, tu\u017eno i jadno izgledali. Posebno je to bilo tragi\u010dno za na\u0161e Zagorje te su 60. i 70. godine pro\u0161log stolje\u0107a ostale u sje\u0107anju svih\u2026","rel":"","context":"Srodne objave","block_context":{"text":"Srodne objave","link":""},"img":{"alt_text":"","src":"","width":0,"height":0},"classes":[]},{"id":130,"url":"https:\/\/www.tzg-krapina.hr\/wp\/o-krapini\/krapina-srediste-krapinsko-zagorske-zupanije\/","url_meta":{"origin":138,"position":2},"title":"Krapina \u2013 sredi\u0161te Krapinsko-zagorske \u017eupanije","author":"TZG Krapina","date":"2. srpnja 2024.","format":false,"excerpt":"Krapina je danas kulturno, politi\u010dko i upravno sredi\u0161te Krapinsko-zagorske \u017eupanije, koja zahva\u0107a prostor od 1264 km2 na kojem \u017eivi 150.000 stanovnika, \u0161to \u010dini ve\u0107i dio Hrvatskog zagorja. Povezanost s Europom bi se uvelike unaprijedila normalizacijom prometnih prilika i izgradnjom autoceste E \u2013 59, kao dijela europskog sustava cesta (Pyhranski pravac).\u2026","rel":"","context":"Srodne objave","block_context":{"text":"Srodne objave","link":""},"img":{"alt_text":"","src":"","width":0,"height":0},"classes":[]},{"id":203,"url":"https:\/\/www.tzg-krapina.hr\/wp\/o-krapini\/povijest\/","url_meta":{"origin":138,"position":3},"title":"Povijest","author":"TZG Krapina","date":"3. srpnja 2024.","format":false,"excerpt":"Hrvatski srednjovjekovni banski i saborski grad KrapinaOd\u00a0Krapinske srednjovjekovne utvrde\u00a0\u2013 grad na bre\u017euljku iznad Krapine, sa\u010duvana je samo jedna zgrada koju je 1919. godine njen vlasnik Franjo barun Ottenfels sa ostacima gradine darovao Krapinskoj op\u0107ini.Stari grad je mjesto osebujne ti\u0161ine i mira. Svi koji \u017eele zaustaviti prola\u017eenje vremena i iskusiti njegovu\u2026","rel":"","context":"Srodne objave","block_context":{"text":"Srodne objave","link":""},"img":{"alt_text":"","src":"","width":0,"height":0},"classes":[]},{"id":104,"url":"https:\/\/www.tzg-krapina.hr\/wp\/","url_meta":{"origin":138,"position":4},"title":"Turisti\u010dka zajednica grada Krapine","author":"TZG Krapina","date":"2. srpnja 2024.","format":false,"excerpt":"Dobrodo\u0161li u Krapinusredi\u0161te Krapinsko-zagorske \u017eupanijevi\u0161eMuzej neandertalacaO\u010dekuje Vas zanimljiva pri\u010da o \u017eivotu i kulturi neandertalskog \u010dovjeka u Krapini.vi\u0161eBilikumNajljep\u0161e je piti vino iz bilikuma, raznovrsnih vr\u010deva ispijanjem kojih Krapin\u010dani iskazuju dobrodo\u0161licu gostu, koji dolazi u ku\u0107u prvi puta.vi\u0161eLjudevit GajDanas je rodna ku\u0107a Ljudevita Gaja, koja se nalazi u ulici Ljudevita Gaja, memorijalni\u2026","rel":"","context":"Srodne objave","block_context":{"text":"Srodne objave","link":""},"img":{"alt_text":"","src":"","width":0,"height":0},"classes":[]},{"id":236,"url":"https:\/\/www.tzg-krapina.hr\/wp\/pravni-poslovi\/","url_meta":{"origin":138,"position":5},"title":"Pravni poslovi","author":"TZG Krapina","date":"3. srpnja 2024.","format":false,"excerpt":"Dokumenti Javni pozivi \/ natje\u010daji Pravo na pristup informacijama","rel":"","context":"Srodne objave","block_context":{"text":"Srodne objave","link":""},"img":{"alt_text":"","src":"","width":0,"height":0},"classes":[]}],"jetpack_sharing_enabled":true,"_links":{"self":[{"href":"https:\/\/www.tzg-krapina.hr\/wp\/wp-json\/wp\/v2\/pages\/138","targetHints":{"allow":["GET"]}}],"collection":[{"href":"https:\/\/www.tzg-krapina.hr\/wp\/wp-json\/wp\/v2\/pages"}],"about":[{"href":"https:\/\/www.tzg-krapina.hr\/wp\/wp-json\/wp\/v2\/types\/page"}],"author":[{"embeddable":true,"href":"https:\/\/www.tzg-krapina.hr\/wp\/wp-json\/wp\/v2\/users\/1"}],"replies":[{"embeddable":true,"href":"https:\/\/www.tzg-krapina.hr\/wp\/wp-json\/wp\/v2\/comments?post=138"}],"version-history":[{"count":61,"href":"https:\/\/www.tzg-krapina.hr\/wp\/wp-json\/wp\/v2\/pages\/138\/revisions"}],"predecessor-version":[{"id":1855,"href":"https:\/\/www.tzg-krapina.hr\/wp\/wp-json\/wp\/v2\/pages\/138\/revisions\/1855"}],"wp:attachment":[{"href":"https:\/\/www.tzg-krapina.hr\/wp\/wp-json\/wp\/v2\/media?parent=138"}],"curies":[{"name":"wp","href":"https:\/\/api.w.org\/{rel}","templated":true}]}}